{"id":65,"date":"2024-08-29T12:14:22","date_gmt":"2024-08-29T10:14:22","guid":{"rendered":"http:\/\/lapluieillustration.com\/?page_id=65"},"modified":"2026-01-13T12:38:25","modified_gmt":"2026-01-13T11:38:25","slug":"a-propos","status":"publish","type":"page","link":"https:\/\/lapluieillustration.com\/?page_id=65","title":{"rendered":"A propos"},"content":{"rendered":"\n<figure class=\"wp-block-image aligncenter size-full is-resized\"><a href=\"https:\/\/www.instagram.com\/lapluiemedia\/\"><img decoding=\"async\" src=\"http:\/\/lapluieillustration.com\/wp-content\/uploads\/2026\/01\/RAJ2071-1.jpg\" alt=\"Portrait d\u2019une illustratrice freelance sp\u00e9cialis\u00e9e en couvertures de livres, illustrations de presse et projets \u00e9ditoriaux, bas\u00e9e \u00e0 Tours.\" class=\"wp-image-452\" style=\"width:379px;height:auto\"\/><\/a><figcaption class=\"wp-element-caption\"><em>Beno\u00eet Rajau<\/em><\/figcaption><\/figure>\n\n\n\n<div style=\"height:0px\" aria-hidden=\"true\" class=\"wp-block-spacer\"><\/div>\n\n\n\n<h4 class=\"wp-block-heading has-large-font-size\"><strong>Illustratrice \u00e9ditoriale freelance \u00e0 Tours<\/strong>, je cr\u00e9e depuis 2020 des images pour des <a href=\"https:\/\/lapluieillustration.com\/\">projets \u00e9ditoriaux, culturels et p\u00e9dagogiques.<\/a><\/h4>\n\n\n\n<p><\/p>\n\n\n\n<p><strong>Bonjour, je suis C\u00e9line (alias la Pluie).<\/strong> Je collabore avec des institutions, maisons d&rsquo;\u00e9dition, agences et structures culturelles pour des <strong>illustrations sur mesure<\/strong> : affiches, publications, brochures, supports p\u00e9dagogiques et facilitation graphique.<\/p>\n\n\n\n<p><strong>Parmi mes r\u00e9centes collaborations<\/strong> :<\/p>\n\n\n\n<ul class=\"wp-block-list\">\n<li>Ville de Tours (livret p\u00e9dagogique)<\/li>\n\n\n\n<li>Ciclic Centre-Val de Loire (affiches culturelles)<\/li>\n<\/ul>\n\n\n\n<p><strong>En parall\u00e8le<\/strong>, je d\u00e9veloppe des projets artistiques personnels : bande dessin\u00e9e, \u00e9dition ind\u00e9pendante, <a href=\"https:\/\/www.youtube.com\/playlist?list=PL53HEyau34z5pWCGDmXIAabqMSl4fyvVW\">podcast <\/a>et cr\u00e9ation musicale. Ces explorations enrichissent mon univers visuel et ma d\u00e9marche, o\u00f9 <strong>sens et forme<\/strong> sont indissociables.<\/p>\n\n\n\n<p><strong>Je propose aussi des <a href=\"http:\/\/instagram.com\/p\/DP6nVN6jKVw\/?img_index=1\">ateliers artistiques<\/a><\/strong> pour tous. Mon objectif ? <strong>Rendre la cr\u00e9ation accessible<\/strong>, d\u00e9sacraliser l\u2019art et en faire un espace d\u2019expression partag\u00e9.<\/p>\n\n\n\n<figure class=\"wp-block-image aligncenter size-large is-resized\"><img loading=\"lazy\" decoding=\"async\" width=\"1024\" height=\"1024\" src=\"https:\/\/lapluieillustration.com\/wp-content\/uploads\/2025\/01\/1000019276-1024x1024.jpg\" alt=\" Illustratrice freelance en train de dessiner, experte en cr\u00e9ation visuelle pour l\u2019\u00e9dition, la culture et la p\u00e9dagogie. \" class=\"wp-image-277\" style=\"width:383px;height:auto\" srcset=\"https:\/\/lapluieillustration.com\/wp-content\/uploads\/2025\/01\/1000019276-1024x1024.jpg 1024w, https:\/\/lapluieillustration.com\/wp-content\/uploads\/2025\/01\/1000019276-300x300.jpg 300w, https:\/\/lapluieillustration.com\/wp-content\/uploads\/2025\/01\/1000019276-150x150.jpg 150w, https:\/\/lapluieillustration.com\/wp-content\/uploads\/2025\/01\/1000019276-768x768.jpg 768w, https:\/\/lapluieillustration.com\/wp-content\/uploads\/2025\/01\/1000019276-1536x1536.jpg 1536w, https:\/\/lapluieillustration.com\/wp-content\/uploads\/2025\/01\/1000019276.jpg 2048w\" sizes=\"auto, (max-width: 1024px) 100vw, 1024px\" \/><\/figure>\n\n\n\n<h4 class=\"wp-block-heading has-large-font-size\"><strong>Freelance editorial illustrator<\/strong>,<\/h4>\n\n\n\n<p class=\"has-medium-font-size\">I have been creating images for <strong><a href=\"https:\/\/lapluieillustration.com\/\">editorial, cultural, and educational projects<\/a><\/strong> since 2020.<\/p>\n\n\n\n<p>I collaborate with <strong>institutions, agencies, and cultural organizations<\/strong> to produce custom illustrations, including<br>posters, editorial publications, brochures, educational materials, and graphic facilitation.<\/p>\n\n\n\n<p>Recent collaborations include <strong>the City of Tours<\/strong> (educational booklet) and <strong>Ciclic Centre-Val de Loire<\/strong> (posters for cultural programs).<\/p>\n\n\n\n<figure class=\"wp-block-image aligncenter size-large is-resized\"><img loading=\"lazy\" decoding=\"async\" width=\"1019\" height=\"1024\" src=\"http:\/\/lapluieillustration.com\/wp-content\/uploads\/2024\/08\/1000018307-1019x1024.jpg\" alt=\"Portrait d\u2019une illustratrice freelance, cr\u00e9atrice d\u2019affiches et de supports p\u00e9dagogiques pour des structures culturelles.\" class=\"wp-image-225\" style=\"width:352px;height:auto\" srcset=\"https:\/\/lapluieillustration.com\/wp-content\/uploads\/2024\/08\/1000018307-1019x1024.jpg 1019w, https:\/\/lapluieillustration.com\/wp-content\/uploads\/2024\/08\/1000018307-300x300.jpg 300w, https:\/\/lapluieillustration.com\/wp-content\/uploads\/2024\/08\/1000018307-150x150.jpg 150w, https:\/\/lapluieillustration.com\/wp-content\/uploads\/2024\/08\/1000018307-768x772.jpg 768w, https:\/\/lapluieillustration.com\/wp-content\/uploads\/2024\/08\/1000018307-1529x1536.jpg 1529w, https:\/\/lapluieillustration.com\/wp-content\/uploads\/2024\/08\/1000018307.jpg 1959w\" sizes=\"auto, (max-width: 1019px) 100vw, 1019px\" \/><\/figure>\n\n\n\n<p class=\"has-medium-font-size\">En 2020 je publie ma premi\u00e8re bande dessin\u00e9e : \u00ab\u00a0Les chroniques d&rsquo;une caissi\u00e8re-covid\u00a0\u00bb, r\u00e9cit humoristique de mon exp\u00e9rience de caissi\u00e8re pendant le 1er confinement.  <\/p>\n\n\n\n<p class=\"has-medium-font-size\">Je r\u00e9alise des projets d\u2019illustration d\u2019affiches, de packaging, de facilitation graphique, de brochures et autres commandes dont vous avez besoin ! Je mets ma cr\u00e9ativit\u00e9 au service de <strong>vos projets<\/strong> et vous aide \u00e0 obtenir le rendu graphique qui vous correspond.<\/p>\n\n\n\n<hr class=\"wp-block-separator has-alpha-channel-opacity\"\/>\n\n\n\n<h2 class=\"wp-block-heading has-medium-font-size\"><em>Based in Tours (France), I work on illustration projects for posters, packaging, graphic facilitation, brochures, and any other commissions you may need!                            <\/em>             <\/h2>\n\n\n\n<h2 class=\"wp-block-heading has-large-font-size\"><em>I bring my creativity to <strong>your projects <\/strong>and help you achieve the graphic result that suits you best.<\/em><\/h2>\n\n\n\n<figure class=\"wp-block-gallery has-nested-images columns-default is-cropped wp-block-gallery-1 is-layout-flex wp-block-gallery-is-layout-flex\"><\/figure>\n\n\n\n<div class=\"wp-block-buttons is-content-justification-center is-layout-flex wp-container-core-buttons-is-layout-a89b3969 wp-block-buttons-is-layout-flex\">\n<div class=\"wp-block-button\"><a class=\"wp-block-button__link has-background has-system-font-font-family wp-element-button\" style=\"border-top-left-radius:96px;border-top-right-radius:96px;border-bottom-left-radius:96px;border-bottom-right-radius:96px;background-color:#c58174\">CONTACT : lapluiemedia@gmail.com<\/a><\/div>\n\n\n\n<div class=\"wp-block-button is-style-fill\"><a class=\"wp-block-button__link has-background wp-element-button\" style=\"border-top-left-radius:96px;border-top-right-radius:96px;border-bottom-left-radius:96px;border-bottom-right-radius:96px;background-color:#bd7664\">Instagram <\/a><\/div>\n\n\n\n<div class=\"wp-block-button is-style-fill\"><a class=\"wp-block-button__link has-background wp-element-button\" href=\"https:\/\/www.linkedin.com\/in\/c%C3%A9line-fabre-532698100\/\" style=\"border-top-left-radius:96px;border-top-right-radius:96px;border-bottom-left-radius:96px;border-bottom-right-radius:96px;background-color:#bd7664\">Linked in<\/a><\/div>\n<\/div>\n\n\n\n<p><\/p>\n","protected":false},"excerpt":{"rendered":"<p>Illustratrice \u00e9ditoriale freelance \u00e0 Tours, je cr\u00e9e depuis 2020 des images pour des projets \u00e9ditoriaux, culturels et p\u00e9dagogiques. Bonjour, je suis C\u00e9line (alias la Pluie). Je collabore avec des institutions, maisons d&rsquo;\u00e9dition, agences et structures culturelles pour des illustrations sur mesure : affiches, publications, brochures, supports p\u00e9dagogiques et facilitation graphique. Parmi mes r\u00e9centes collaborations : [&hellip;]<\/p>\n","protected":false},"author":1,"featured_media":0,"parent":0,"menu_order":0,"comment_status":"closed","ping_status":"closed","template":"page-no-separators","meta":{"footnotes":""},"class_list":["post-65","page","type-page","status-publish","hentry"],"yoast_head":"<!-- This site is optimized with the Yoast SEO plugin v23.7 - https:\/\/yoast.com\/wordpress\/plugins\/seo\/ -->\n<title>La Pluie Illustration \u2013 Vos r\u00eaves en images<\/title>\n<meta name=\"description\" content=\"C\u00e9line, illustratrice freelance, cr\u00e9e des illustrations po\u00e9tiques et sur mesure pour donner vie \u00e0 vos projets.\" \/>\n<meta name=\"robots\" content=\"index, follow, max-snippet:-1, max-image-preview:large, max-video-preview:-1\" \/>\n<link rel=\"canonical\" href=\"https:\/\/lapluieillustration.com\/?page_id=65\" \/>\n<meta property=\"og:locale\" content=\"fr_FR\" \/>\n<meta property=\"og:type\" content=\"article\" \/>\n<meta property=\"og:title\" content=\"La Pluie Illustration \u2013 Vos r\u00eaves en images\" \/>\n<meta property=\"og:description\" content=\"C\u00e9line, illustratrice freelance, cr\u00e9e des illustrations po\u00e9tiques et sur mesure pour donner vie \u00e0 vos projets.\" \/>\n<meta property=\"og:url\" content=\"https:\/\/lapluieillustration.com\/?page_id=65\" \/>\n<meta property=\"article:publisher\" content=\"https:\/\/www.facebook.com\/Lapluiemedia\/\" \/>\n<meta property=\"article:modified_time\" content=\"2026-01-13T11:38:25+00:00\" \/>\n<meta property=\"og:image\" content=\"https:\/\/lapluieillustration.com\/wp-content\/uploads\/2026\/01\/RAJ2071-1.jpg\" \/>\n\t<meta property=\"og:image:width\" content=\"1\" \/>\n\t<meta property=\"og:image:height\" content=\"1\" \/>\n\t<meta property=\"og:image:type\" content=\"image\/jpeg\" \/>\n<meta name=\"twitter:card\" content=\"summary_large_image\" \/>\n<meta name=\"twitter:label1\" content=\"Dur\u00e9e de lecture estim\u00e9e\" \/>\n\t<meta name=\"twitter:data1\" content=\"3 minutes\" \/>\n<script type=\"application\/ld+json\" class=\"yoast-schema-graph\">{\"@context\":\"https:\/\/schema.org\",\"@graph\":[{\"@type\":\"WebPage\",\"@id\":\"https:\/\/lapluieillustration.com\/?page_id=65\",\"url\":\"https:\/\/lapluieillustration.com\/?page_id=65\",\"name\":\"La Pluie Illustration \u2013 Vos r\u00eaves en images\",\"isPartOf\":{\"@id\":\"https:\/\/lapluieillustration.com\/#website\"},\"primaryImageOfPage\":{\"@id\":\"https:\/\/lapluieillustration.com\/?page_id=65#primaryimage\"},\"image\":{\"@id\":\"https:\/\/lapluieillustration.com\/?page_id=65#primaryimage\"},\"thumbnailUrl\":\"http:\/\/lapluieillustration.com\/wp-content\/uploads\/2026\/01\/RAJ2071-1.jpg\",\"datePublished\":\"2024-08-29T10:14:22+00:00\",\"dateModified\":\"2026-01-13T11:38:25+00:00\",\"description\":\"C\u00e9line, illustratrice freelance, cr\u00e9e des illustrations po\u00e9tiques et sur mesure pour donner vie \u00e0 vos projets.\",\"breadcrumb\":{\"@id\":\"https:\/\/lapluieillustration.com\/?page_id=65#breadcrumb\"},\"inLanguage\":\"fr-FR\",\"potentialAction\":[{\"@type\":\"ReadAction\",\"target\":[\"https:\/\/lapluieillustration.com\/?page_id=65\"]}]},{\"@type\":\"ImageObject\",\"inLanguage\":\"fr-FR\",\"@id\":\"https:\/\/lapluieillustration.com\/?page_id=65#primaryimage\",\"url\":\"https:\/\/lapluieillustration.com\/wp-content\/uploads\/2026\/01\/RAJ2071-1.jpg\",\"contentUrl\":\"https:\/\/lapluieillustration.com\/wp-content\/uploads\/2026\/01\/RAJ2071-1.jpg\",\"caption\":\"9 d\u00e9cmbre 25. Biblioth\u00e8que centrale de Tours.\"},{\"@type\":\"BreadcrumbList\",\"@id\":\"https:\/\/lapluieillustration.com\/?page_id=65#breadcrumb\",\"itemListElement\":[{\"@type\":\"ListItem\",\"position\":1,\"name\":\"Accueil\",\"item\":\"https:\/\/lapluieillustration.com\/\"},{\"@type\":\"ListItem\",\"position\":2,\"name\":\"A propos\"}]},{\"@type\":\"WebSite\",\"@id\":\"https:\/\/lapluieillustration.com\/#website\",\"url\":\"https:\/\/lapluieillustration.com\/\",\"name\":\"La Pluie illustration\",\"description\":\"Vos r\u00eaves en images\",\"publisher\":{\"@id\":\"https:\/\/lapluieillustration.com\/#\/schema\/person\/d2f76fc1a79e0cb41755eb318802411a\"},\"potentialAction\":[{\"@type\":\"SearchAction\",\"target\":{\"@type\":\"EntryPoint\",\"urlTemplate\":\"https:\/\/lapluieillustration.com\/?s={search_term_string}\"},\"query-input\":{\"@type\":\"PropertyValueSpecification\",\"valueRequired\":true,\"valueName\":\"search_term_string\"}}],\"inLanguage\":\"fr-FR\"},{\"@type\":[\"Person\",\"Organization\"],\"@id\":\"https:\/\/lapluieillustration.com\/#\/schema\/person\/d2f76fc1a79e0cb41755eb318802411a\",\"name\":\"admin2462\",\"image\":{\"@type\":\"ImageObject\",\"inLanguage\":\"fr-FR\",\"@id\":\"https:\/\/lapluieillustration.com\/#\/schema\/person\/image\/\",\"url\":\"https:\/\/lapluieillustration.com\/wp-content\/uploads\/2024\/08\/LA-PLUIE-ILLUS-SF-1.png\",\"contentUrl\":\"https:\/\/lapluieillustration.com\/wp-content\/uploads\/2024\/08\/LA-PLUIE-ILLUS-SF-1.png\",\"width\":4083,\"height\":3941,\"caption\":\"admin2462\"},\"logo\":{\"@id\":\"https:\/\/lapluieillustration.com\/#\/schema\/person\/image\/\"},\"sameAs\":[\"http:\/\/lapluieillustration.com\",\"https:\/\/www.facebook.com\/Lapluiemedia\/\",\"https:\/\/www.instagram.com\/lapluiemedia\/\",\"https:\/\/www.linkedin.com\/in\/cline-fabre-532698100\/\",\"https:\/\/in.pinterest.com\/lapluieart\/\"]}]}<\/script>\n<!-- \/ Yoast SEO plugin. -->","yoast_head_json":{"title":"La Pluie Illustration \u2013 Vos r\u00eaves en images","description":"C\u00e9line, illustratrice freelance, cr\u00e9e des illustrations po\u00e9tiques et sur mesure pour donner vie \u00e0 vos projets.","robots":{"index":"index","follow":"follow","max-snippet":"max-snippet:-1","max-image-preview":"max-image-preview:large","max-video-preview":"max-video-preview:-1"},"canonical":"https:\/\/lapluieillustration.com\/?page_id=65","og_locale":"fr_FR","og_type":"article","og_title":"La Pluie Illustration \u2013 Vos r\u00eaves en images","og_description":"C\u00e9line, illustratrice freelance, cr\u00e9e des illustrations po\u00e9tiques et sur mesure pour donner vie \u00e0 vos projets.","og_url":"https:\/\/lapluieillustration.com\/?page_id=65","article_publisher":"https:\/\/www.facebook.com\/Lapluiemedia\/","article_modified_time":"2026-01-13T11:38:25+00:00","og_image":[{"url":"https:\/\/lapluieillustration.com\/wp-content\/uploads\/2026\/01\/RAJ2071-1.jpg","width":1,"height":1,"type":"image\/jpeg"}],"twitter_card":"summary_large_image","twitter_misc":{"Dur\u00e9e de lecture estim\u00e9e":"3 minutes"},"schema":{"@context":"https:\/\/schema.org","@graph":[{"@type":"WebPage","@id":"https:\/\/lapluieillustration.com\/?page_id=65","url":"https:\/\/lapluieillustration.com\/?page_id=65","name":"La Pluie Illustration \u2013 Vos r\u00eaves en images","isPartOf":{"@id":"https:\/\/lapluieillustration.com\/#website"},"primaryImageOfPage":{"@id":"https:\/\/lapluieillustration.com\/?page_id=65#primaryimage"},"image":{"@id":"https:\/\/lapluieillustration.com\/?page_id=65#primaryimage"},"thumbnailUrl":"http:\/\/lapluieillustration.com\/wp-content\/uploads\/2026\/01\/RAJ2071-1.jpg","datePublished":"2024-08-29T10:14:22+00:00","dateModified":"2026-01-13T11:38:25+00:00","description":"C\u00e9line, illustratrice freelance, cr\u00e9e des illustrations po\u00e9tiques et sur mesure pour donner vie \u00e0 vos projets.","breadcrumb":{"@id":"https:\/\/lapluieillustration.com\/?page_id=65#breadcrumb"},"inLanguage":"fr-FR","potentialAction":[{"@type":"ReadAction","target":["https:\/\/lapluieillustration.com\/?page_id=65"]}]},{"@type":"ImageObject","inLanguage":"fr-FR","@id":"https:\/\/lapluieillustration.com\/?page_id=65#primaryimage","url":"https:\/\/lapluieillustration.com\/wp-content\/uploads\/2026\/01\/RAJ2071-1.jpg","contentUrl":"https:\/\/lapluieillustration.com\/wp-content\/uploads\/2026\/01\/RAJ2071-1.jpg","caption":"9 d\u00e9cmbre 25. Biblioth\u00e8que centrale de Tours."},{"@type":"BreadcrumbList","@id":"https:\/\/lapluieillustration.com\/?page_id=65#breadcrumb","itemListElement":[{"@type":"ListItem","position":1,"name":"Accueil","item":"https:\/\/lapluieillustration.com\/"},{"@type":"ListItem","position":2,"name":"A propos"}]},{"@type":"WebSite","@id":"https:\/\/lapluieillustration.com\/#website","url":"https:\/\/lapluieillustration.com\/","name":"La Pluie illustration","description":"Vos r\u00eaves en images","publisher":{"@id":"https:\/\/lapluieillustration.com\/#\/schema\/person\/d2f76fc1a79e0cb41755eb318802411a"},"potentialAction":[{"@type":"SearchAction","target":{"@type":"EntryPoint","urlTemplate":"https:\/\/lapluieillustration.com\/?s={search_term_string}"},"query-input":{"@type":"PropertyValueSpecification","valueRequired":true,"valueName":"search_term_string"}}],"inLanguage":"fr-FR"},{"@type":["Person","Organization"],"@id":"https:\/\/lapluieillustration.com\/#\/schema\/person\/d2f76fc1a79e0cb41755eb318802411a","name":"admin2462","image":{"@type":"ImageObject","inLanguage":"fr-FR","@id":"https:\/\/lapluieillustration.com\/#\/schema\/person\/image\/","url":"https:\/\/lapluieillustration.com\/wp-content\/uploads\/2024\/08\/LA-PLUIE-ILLUS-SF-1.png","contentUrl":"https:\/\/lapluieillustration.com\/wp-content\/uploads\/2024\/08\/LA-PLUIE-ILLUS-SF-1.png","width":4083,"height":3941,"caption":"admin2462"},"logo":{"@id":"https:\/\/lapluieillustration.com\/#\/schema\/person\/image\/"},"sameAs":["http:\/\/lapluieillustration.com","https:\/\/www.facebook.com\/Lapluiemedia\/","https:\/\/www.instagram.com\/lapluiemedia\/","https:\/\/www.linkedin.com\/in\/cline-fabre-532698100\/","https:\/\/in.pinterest.com\/lapluieart\/"]}]}},"_links":{"self":[{"href":"https:\/\/lapluieillustration.com\/index.php?rest_route=\/wp\/v2\/pages\/65","targetHints":{"allow":["GET"]}}],"collection":[{"href":"https:\/\/lapluieillustration.com\/index.php?rest_route=\/wp\/v2\/pages"}],"about":[{"href":"https:\/\/lapluieillustration.com\/index.php?rest_route=\/wp\/v2\/types\/page"}],"author":[{"embeddable":true,"href":"https:\/\/lapluieillustration.com\/index.php?rest_route=\/wp\/v2\/users\/1"}],"replies":[{"embeddable":true,"href":"https:\/\/lapluieillustration.com\/index.php?rest_route=%2Fwp%2Fv2%2Fcomments&post=65"}],"version-history":[{"count":29,"href":"https:\/\/lapluieillustration.com\/index.php?rest_route=\/wp\/v2\/pages\/65\/revisions"}],"predecessor-version":[{"id":478,"href":"https:\/\/lapluieillustration.com\/index.php?rest_route=\/wp\/v2\/pages\/65\/revisions\/478"}],"wp:attachment":[{"href":"https:\/\/lapluieillustration.com\/index.php?rest_route=%2Fwp%2Fv2%2Fmedia&parent=65"}],"curies":[{"name":"wp","href":"https:\/\/api.w.org\/{rel}","templated":true}]}}